{"id":1744,"date":"2021-08-13T12:55:15","date_gmt":"2021-08-13T12:55:15","guid":{"rendered":"https:\/\/shereenawwad.com\/?page_id=1744"},"modified":"2021-08-18T18:42:14","modified_gmt":"2021-08-18T18:42:14","slug":"guide-vendeur-formulaire-soumis","status":"publish","type":"page","link":"https:\/\/shereenawwad.com\/fr\/guide-vendeur-formulaire-soumis\/","title":{"rendered":"Guide vendeur &#8211; Formulaire soumis"},"content":{"rendered":"\t\t<div data-elementor-type=\"wp-post\" data-elementor-id=\"1744\" class=\"elementor elementor-1744 elementor-1583\">\n\t\t\t\t\t\t<section class=\"elementor-section elementor-top-section elementor-element elementor-element-b19662c elementor-section-full_width elementor-section-stretched elementor-section-height-default elementor-section-height-default\" data-id=\"b19662c\" data-element_type=\"section\" data-settings=\"{&quot;stretch_section&quot;:&quot;section-stretched&quot;,&quot;jet_parallax_layout_list&quot;:[{&quot;jet_parallax_layout_image&quot;:{&quot;url&quot;:&quot;&quot;,&quot;id&quot;:&quot;&quot;,&quot;size&quot;:&quot;&quot;},&quot;_id&quot;:&quot;0d92e6f&quot;,&quot;jet_parallax_layout_image_tablet&quot;:{&quot;url&quot;:&quot;&quot;,&quot;id&quot;:&quot;&quot;,&quot;size&quot;:&quot;&quot;},&quot;jet_parallax_layout_image_mobile&quot;:{&quot;url&quot;:&quot;&quot;,&quot;id&quot;:&quot;&quot;,&quot;size&quot;:&quot;&quot;},&quot;jet_parallax_layout_speed&quot;:{&quot;unit&quot;:&quot;%&quot;,&quot;size&quot;:50,&quot;sizes&quot;:[]},&quot;jet_parallax_layout_type&quot;:&quot;scroll&quot;,&quot;jet_parallax_layout_direction&quot;:null,&quot;jet_parallax_layout_fx_direction&quot;:null,&quot;jet_parallax_layout_z_index&quot;:&quot;&quot;,&quot;jet_parallax_layout_bg_x&quot;:50,&quot;jet_parallax_layout_bg_x_tablet&quot;:&quot;&quot;,&quot;jet_parallax_layout_bg_x_mobile&quot;:&quot;&quot;,&quot;jet_parallax_layout_bg_y&quot;:50,&quot;jet_parallax_layout_bg_y_tablet&quot;:&quot;&quot;,&quot;jet_parallax_layout_bg_y_mobile&quot;:&quot;&quot;,&quot;jet_parallax_layout_bg_size&quot;:&quot;auto&quot;,&quot;jet_parallax_layout_bg_size_tablet&quot;:&quot;&quot;,&quot;jet_parallax_layout_bg_size_mobile&quot;:&quot;&quot;,&quot;jet_parallax_layout_animation_prop&quot;:&quot;transform&quot;,&quot;jet_parallax_layout_on&quot;:[&quot;desktop&quot;,&quot;tablet&quot;]}]}\">\n\t\t\t\t\t\t<div class=\"elementor-container elementor-column-gap-default\">\n\t\t\t\t\t<div class=\"elementor-column elementor-col-100 elementor-top-column elementor-element elementor-element-4c027fe\" data-id=\"4c027fe\" data-element_type=\"column\" data-settings=\"{&quot;background_background&quot;:&quot;classic&quot;}\">\n\t\t\t<div class=\"elementor-widget-wrap elementor-element-populated\">\n\t\t\t\t\t<div class=\"elementor-background-overlay\"><\/div>\n\t\t\t\t\t\t<div class=\"elementor-element elementor-element-c571730 elementor-widget elementor-widget-heading\" data-id=\"c571730\" data-element_type=\"widget\" data-widget_type=\"heading.default\">\n\t\t\t\t<div class=\"elementor-widget-container\">\n\t\t\t\t\t<h1 class=\"elementor-heading-title elementor-size-default\">guide vendeur<\/h1>\t\t\t\t<\/div>\n\t\t\t\t<\/div>\n\t\t\t\t\t<\/div>\n\t\t<\/div>\n\t\t\t\t\t<\/div>\n\t\t<\/section>\n\t\t\t\t<section class=\"elementor-section elementor-top-section elementor-element elementor-element-1f49048 elementor-section-boxed elementor-section-height-default elementor-section-height-default\" data-id=\"1f49048\" data-element_type=\"section\" data-settings=\"{&quot;jet_parallax_layout_list&quot;:[{&quot;jet_parallax_layout_image&quot;:{&quot;url&quot;:&quot;&quot;,&quot;id&quot;:&quot;&quot;,&quot;size&quot;:&quot;&quot;},&quot;_id&quot;:&quot;ca5617f&quot;,&quot;jet_parallax_layout_image_tablet&quot;:{&quot;url&quot;:&quot;&quot;,&quot;id&quot;:&quot;&quot;,&quot;size&quot;:&quot;&quot;},&quot;jet_parallax_layout_image_mobile&quot;:{&quot;url&quot;:&quot;&quot;,&quot;id&quot;:&quot;&quot;,&quot;size&quot;:&quot;&quot;},&quot;jet_parallax_layout_speed&quot;:{&quot;unit&quot;:&quot;%&quot;,&quot;size&quot;:50,&quot;sizes&quot;:[]},&quot;jet_parallax_layout_type&quot;:&quot;scroll&quot;,&quot;jet_parallax_layout_direction&quot;:null,&quot;jet_parallax_layout_fx_direction&quot;:null,&quot;jet_parallax_layout_z_index&quot;:&quot;&quot;,&quot;jet_parallax_layout_bg_x&quot;:50,&quot;jet_parallax_layout_bg_x_tablet&quot;:&quot;&quot;,&quot;jet_parallax_layout_bg_x_mobile&quot;:&quot;&quot;,&quot;jet_parallax_layout_bg_y&quot;:50,&quot;jet_parallax_layout_bg_y_tablet&quot;:&quot;&quot;,&quot;jet_parallax_layout_bg_y_mobile&quot;:&quot;&quot;,&quot;jet_parallax_layout_bg_size&quot;:&quot;auto&quot;,&quot;jet_parallax_layout_bg_size_tablet&quot;:&quot;&quot;,&quot;jet_parallax_layout_bg_size_mobile&quot;:&quot;&quot;,&quot;jet_parallax_layout_animation_prop&quot;:&quot;transform&quot;,&quot;jet_parallax_layout_on&quot;:[&quot;desktop&quot;,&quot;tablet&quot;]}]}\">\n\t\t\t\t\t\t<div class=\"elementor-container elementor-column-gap-default\">\n\t\t\t\t\t<div class=\"elementor-column elementor-col-100 elementor-top-column elementor-element elementor-element-2fc23df\" data-id=\"2fc23df\" data-element_type=\"column\">\n\t\t\t<div class=\"elementor-widget-wrap elementor-element-populated\">\n\t\t\t\t\t\t<div class=\"elementor-element elementor-element-8a807c0 elementor-widget elementor-widget-text-editor\" data-id=\"8a807c0\" data-element_type=\"widget\" data-widget_type=\"text-editor.default\">\n\t\t\t\t<div class=\"elementor-widget-container\">\n\t\t\t\t\t\t\t\t\t<h2>Merci d&rsquo;avoir soumis votre formulaire!<\/h2>\t\t\t\t\t\t\t\t<\/div>\n\t\t\t\t<\/div>\n\t\t\t\t<div class=\"elementor-element elementor-element-7f7f25d elementor-widget elementor-widget-text-editor\" data-id=\"7f7f25d\" data-element_type=\"widget\" data-widget_type=\"text-editor.default\">\n\t\t\t\t<div class=\"elementor-widget-container\">\n\t\t\t\t\t\t\t\t\t<p>Dans l&rsquo;espoir que le guide vendeur r\u00e9ponde \u00e0 vos attentes, n&rsquo;h\u00e9sitez pas \u00e0 me contacter si vous avez des questions.<\/p>\t\t\t\t\t\t\t\t<\/div>\n\t\t\t\t<\/div>\n\t\t\t\t<div class=\"elementor-element elementor-element-64df62d elementor-align-center elementor-widget elementor-widget-button\" data-id=\"64df62d\" data-element_type=\"widget\" data-widget_type=\"button.default\">\n\t\t\t\t<div class=\"elementor-widget-container\">\n\t\t\t\t\t\t\t\t\t<div class=\"elementor-button-wrapper\">\n\t\t\t\t\t<a class=\"elementor-button elementor-button-link elementor-size-sm\" href=\"https:\/\/shereenawwad.com\/fr\/\">\n\t\t\t\t\t\t<span class=\"elementor-button-content-wrapper\">\n\t\t\t\t\t\t\t\t\t<span class=\"elementor-button-text\">RETOURNER \u00c0 LA PAGE D'ACCUEIL<\/span>\n\t\t\t\t\t<\/span>\n\t\t\t\t\t<\/a>\n\t\t\t\t<\/div>\n\t\t\t\t\t\t\t\t<\/div>\n\t\t\t\t<\/div>\n\t\t\t\t\t<\/div>\n\t\t<\/div>\n\t\t\t\t\t<\/div>\n\t\t<\/section>\n\t\t\t\t<\/div>\n\t\t","protected":false},"excerpt":{"rendered":"<p>guide vendeur Merci d&rsquo;avoir soumis votre formulaire! Dans l&rsquo;espoir que le guide vendeur r\u00e9ponde \u00e0 vos attentes, n&rsquo;h\u00e9sitez pas \u00e0 me contacter si vous avez des questions. RETOURNER \u00c0 LA PAGE D&rsquo;ACCUEIL<\/p>\n","protected":false},"author":2,"featured_media":0,"parent":0,"menu_order":0,"comment_status":"closed","ping_status":"closed","template":"elementor_header_footer","meta":{"_acf_changed":false,"footnotes":""},"class_list":["post-1744","page","type-page","status-publish","hentry"],"acf":[],"yoast_head":"<!-- This site is optimized with the Yoast SEO plugin v25.2 - https:\/\/yoast.com\/wordpress\/plugins\/seo\/ -->\n<title>Guide vendeur - Formulaire soumis - Shereen Awwad<\/title>\n<meta name=\"description\" content=\"Merci d&#039;avoir soumis ce formulaire ! Je vais contacter d\u00e8s que possible.\" \/>\n<meta name=\"robots\" content=\"index, follow, max-snippet:-1, max-image-preview:large, max-video-preview:-1\" \/>\n<meta property=\"og:locale\" content=\"fr_FR\" \/>\n<meta property=\"og:type\" content=\"article\" \/>\n<meta property=\"og:title\" content=\"Guide vendeur - Formulaire soumis - Shereen Awwad\" \/>\n<meta property=\"og:description\" content=\"Merci d&#039;avoir soumis ce formulaire ! Je vais contacter d\u00e8s que possible.\" \/>\n<meta property=\"og:url\" content=\"https:\/\/shereenawwad.com\/fr\/guide-vendeur-formulaire-soumis\/\" \/>\n<meta property=\"og:site_name\" content=\"Shereen Awwad\" \/>\n<meta property=\"article:modified_time\" content=\"2021-08-18T18:42:14+00:00\" \/>\n<meta name=\"twitter:card\" content=\"summary_large_image\" \/>\n<meta name=\"twitter:label1\" content=\"Dur\u00e9e de lecture estim\u00e9e\" \/>\n\t<meta name=\"twitter:data1\" content=\"1 minute\" \/>\n<script type=\"application\/ld+json\" class=\"yoast-schema-graph\">{\"@context\":\"https:\/\/schema.org\",\"@graph\":[{\"@type\":\"WebPage\",\"@id\":\"https:\/\/shereenawwad.com\/fr\/guide-vendeur-formulaire-soumis\/\",\"url\":\"https:\/\/shereenawwad.com\/fr\/guide-vendeur-formulaire-soumis\/\",\"name\":\"Guide vendeur - Formulaire soumis - Shereen Awwad\",\"isPartOf\":{\"@id\":\"https:\/\/shereenawwad.com\/fr\/#website\"},\"datePublished\":\"2021-08-13T12:55:15+00:00\",\"dateModified\":\"2021-08-18T18:42:14+00:00\",\"description\":\"Merci d'avoir soumis ce formulaire ! Je vais contacter d\u00e8s que possible.\",\"breadcrumb\":{\"@id\":\"https:\/\/shereenawwad.com\/fr\/guide-vendeur-formulaire-soumis\/#breadcrumb\"},\"inLanguage\":\"fr-FR\",\"potentialAction\":[{\"@type\":\"ReadAction\",\"target\":[\"https:\/\/shereenawwad.com\/fr\/guide-vendeur-formulaire-soumis\/\"]}]},{\"@type\":\"BreadcrumbList\",\"@id\":\"https:\/\/shereenawwad.com\/fr\/guide-vendeur-formulaire-soumis\/#breadcrumb\",\"itemListElement\":[{\"@type\":\"ListItem\",\"position\":1,\"name\":\"Home\",\"item\":\"https:\/\/shereenawwad.com\/fr\/\"},{\"@type\":\"ListItem\",\"position\":2,\"name\":\"Guide vendeur &#8211; Formulaire soumis\"}]},{\"@type\":\"WebSite\",\"@id\":\"https:\/\/shereenawwad.com\/fr\/#website\",\"url\":\"https:\/\/shereenawwad.com\/fr\/\",\"name\":\"Shereen Awwad\",\"description\":\"\",\"potentialAction\":[{\"@type\":\"SearchAction\",\"target\":{\"@type\":\"EntryPoint\",\"urlTemplate\":\"https:\/\/shereenawwad.com\/fr\/?s={search_term_string}\"},\"query-input\":{\"@type\":\"PropertyValueSpecification\",\"valueRequired\":true,\"valueName\":\"search_term_string\"}}],\"inLanguage\":\"fr-FR\"}]}<\/script>\n<!-- \/ Yoast SEO plugin. -->","yoast_head_json":{"title":"Guide vendeur - Formulaire soumis - Shereen Awwad","description":"Merci d'avoir soumis ce formulaire ! Je vais contacter d\u00e8s que possible.","robots":{"index":"index","follow":"follow","max-snippet":"max-snippet:-1","max-image-preview":"max-image-preview:large","max-video-preview":"max-video-preview:-1"},"og_locale":"fr_FR","og_type":"article","og_title":"Guide vendeur - Formulaire soumis - Shereen Awwad","og_description":"Merci d'avoir soumis ce formulaire ! Je vais contacter d\u00e8s que possible.","og_url":"https:\/\/shereenawwad.com\/fr\/guide-vendeur-formulaire-soumis\/","og_site_name":"Shereen Awwad","article_modified_time":"2021-08-18T18:42:14+00:00","twitter_card":"summary_large_image","twitter_misc":{"Dur\u00e9e de lecture estim\u00e9e":"1 minute"},"schema":{"@context":"https:\/\/schema.org","@graph":[{"@type":"WebPage","@id":"https:\/\/shereenawwad.com\/fr\/guide-vendeur-formulaire-soumis\/","url":"https:\/\/shereenawwad.com\/fr\/guide-vendeur-formulaire-soumis\/","name":"Guide vendeur - Formulaire soumis - Shereen Awwad","isPartOf":{"@id":"https:\/\/shereenawwad.com\/fr\/#website"},"datePublished":"2021-08-13T12:55:15+00:00","dateModified":"2021-08-18T18:42:14+00:00","description":"Merci d'avoir soumis ce formulaire ! Je vais contacter d\u00e8s que possible.","breadcrumb":{"@id":"https:\/\/shereenawwad.com\/fr\/guide-vendeur-formulaire-soumis\/#breadcrumb"},"inLanguage":"fr-FR","potentialAction":[{"@type":"ReadAction","target":["https:\/\/shereenawwad.com\/fr\/guide-vendeur-formulaire-soumis\/"]}]},{"@type":"BreadcrumbList","@id":"https:\/\/shereenawwad.com\/fr\/guide-vendeur-formulaire-soumis\/#breadcrumb","itemListElement":[{"@type":"ListItem","position":1,"name":"Home","item":"https:\/\/shereenawwad.com\/fr\/"},{"@type":"ListItem","position":2,"name":"Guide vendeur &#8211; Formulaire soumis"}]},{"@type":"WebSite","@id":"https:\/\/shereenawwad.com\/fr\/#website","url":"https:\/\/shereenawwad.com\/fr\/","name":"Shereen Awwad","description":"","potentialAction":[{"@type":"SearchAction","target":{"@type":"EntryPoint","urlTemplate":"https:\/\/shereenawwad.com\/fr\/?s={search_term_string}"},"query-input":{"@type":"PropertyValueSpecification","valueRequired":true,"valueName":"search_term_string"}}],"inLanguage":"fr-FR"}]}},"_links":{"self":[{"href":"https:\/\/shereenawwad.com\/fr\/wp-json\/wp\/v2\/pages\/1744","targetHints":{"allow":["GET"]}}],"collection":[{"href":"https:\/\/shereenawwad.com\/fr\/wp-json\/wp\/v2\/pages"}],"about":[{"href":"https:\/\/shereenawwad.com\/fr\/wp-json\/wp\/v2\/types\/page"}],"author":[{"embeddable":true,"href":"https:\/\/shereenawwad.com\/fr\/wp-json\/wp\/v2\/users\/2"}],"replies":[{"embeddable":true,"href":"https:\/\/shereenawwad.com\/fr\/wp-json\/wp\/v2\/comments?post=1744"}],"version-history":[{"count":14,"href":"https:\/\/shereenawwad.com\/fr\/wp-json\/wp\/v2\/pages\/1744\/revisions"}],"predecessor-version":[{"id":1853,"href":"https:\/\/shereenawwad.com\/fr\/wp-json\/wp\/v2\/pages\/1744\/revisions\/1853"}],"wp:attachment":[{"href":"https:\/\/shereenawwad.com\/fr\/wp-json\/wp\/v2\/media?parent=1744"}],"curies":[{"name":"wp","href":"https:\/\/api.w.org\/{rel}","templated":true}]}}