{"id":1647,"date":"2021-08-13T12:38:34","date_gmt":"2021-08-13T12:38:34","guid":{"rendered":"https:\/\/shereenawwad.com\/?page_id=1647"},"modified":"2021-08-16T13:32:01","modified_gmt":"2021-08-16T13:32:01","slug":"a-propos","status":"publish","type":"page","link":"https:\/\/shereenawwad.com\/fr\/a-propos\/","title":{"rendered":"\u00c0 propos"},"content":{"rendered":"\t\t<div data-elementor-type=\"wp-post\" data-elementor-id=\"1647\" class=\"elementor elementor-1647 elementor-1327\">\n\t\t\t\t\t\t<section class=\"elementor-section elementor-top-section elementor-element elementor-element-b19662c elementor-section-full_width elementor-section-stretched elementor-section-height-default elementor-section-height-default\" data-id=\"b19662c\" data-element_type=\"section\" data-settings=\"{&quot;stretch_section&quot;:&quot;section-stretched&quot;,&quot;jet_parallax_layout_list&quot;:[{&quot;jet_parallax_layout_image&quot;:{&quot;url&quot;:&quot;&quot;,&quot;id&quot;:&quot;&quot;,&quot;size&quot;:&quot;&quot;},&quot;_id&quot;:&quot;0d92e6f&quot;,&quot;jet_parallax_layout_image_tablet&quot;:{&quot;url&quot;:&quot;&quot;,&quot;id&quot;:&quot;&quot;,&quot;size&quot;:&quot;&quot;},&quot;jet_parallax_layout_image_mobile&quot;:{&quot;url&quot;:&quot;&quot;,&quot;id&quot;:&quot;&quot;,&quot;size&quot;:&quot;&quot;},&quot;jet_parallax_layout_speed&quot;:{&quot;unit&quot;:&quot;%&quot;,&quot;size&quot;:50,&quot;sizes&quot;:[]},&quot;jet_parallax_layout_type&quot;:&quot;scroll&quot;,&quot;jet_parallax_layout_direction&quot;:null,&quot;jet_parallax_layout_fx_direction&quot;:null,&quot;jet_parallax_layout_z_index&quot;:&quot;&quot;,&quot;jet_parallax_layout_bg_x&quot;:50,&quot;jet_parallax_layout_bg_x_tablet&quot;:&quot;&quot;,&quot;jet_parallax_layout_bg_x_mobile&quot;:&quot;&quot;,&quot;jet_parallax_layout_bg_y&quot;:50,&quot;jet_parallax_layout_bg_y_tablet&quot;:&quot;&quot;,&quot;jet_parallax_layout_bg_y_mobile&quot;:&quot;&quot;,&quot;jet_parallax_layout_bg_size&quot;:&quot;auto&quot;,&quot;jet_parallax_layout_bg_size_tablet&quot;:&quot;&quot;,&quot;jet_parallax_layout_bg_size_mobile&quot;:&quot;&quot;,&quot;jet_parallax_layout_animation_prop&quot;:&quot;transform&quot;,&quot;jet_parallax_layout_on&quot;:[&quot;desktop&quot;,&quot;tablet&quot;]}]}\">\n\t\t\t\t\t\t<div class=\"elementor-container elementor-column-gap-default\">\n\t\t\t\t\t<div class=\"elementor-column elementor-col-100 elementor-top-column elementor-element elementor-element-4c027fe\" data-id=\"4c027fe\" data-element_type=\"column\" data-settings=\"{&quot;background_background&quot;:&quot;classic&quot;}\">\n\t\t\t<div class=\"elementor-widget-wrap elementor-element-populated\">\n\t\t\t\t\t<div class=\"elementor-background-overlay\"><\/div>\n\t\t\t\t\t\t<div class=\"elementor-element elementor-element-c571730 elementor-widget elementor-widget-heading\" data-id=\"c571730\" data-element_type=\"widget\" data-widget_type=\"heading.default\">\n\t\t\t\t<div class=\"elementor-widget-container\">\n\t\t\t\t\t<h1 class=\"elementor-heading-title elementor-size-default\">\u00e0 propos<\/h1>\t\t\t\t<\/div>\n\t\t\t\t<\/div>\n\t\t\t\t\t<\/div>\n\t\t<\/div>\n\t\t\t\t\t<\/div>\n\t\t<\/section>\n\t\t\t\t<section class=\"elementor-section elementor-top-section elementor-element elementor-element-1244906 elementor-section-content-middle elementor-section-boxed elementor-section-height-default elementor-section-height-default\" data-id=\"1244906\" data-element_type=\"section\" data-settings=\"{&quot;jet_parallax_layout_list&quot;:[{&quot;jet_parallax_layout_image&quot;:{&quot;url&quot;:&quot;&quot;,&quot;id&quot;:&quot;&quot;,&quot;size&quot;:&quot;&quot;},&quot;_id&quot;:&quot;431892f&quot;,&quot;jet_parallax_layout_image_tablet&quot;:{&quot;url&quot;:&quot;&quot;,&quot;id&quot;:&quot;&quot;,&quot;size&quot;:&quot;&quot;},&quot;jet_parallax_layout_image_mobile&quot;:{&quot;url&quot;:&quot;&quot;,&quot;id&quot;:&quot;&quot;,&quot;size&quot;:&quot;&quot;},&quot;jet_parallax_layout_speed&quot;:{&quot;unit&quot;:&quot;%&quot;,&quot;size&quot;:50,&quot;sizes&quot;:[]},&quot;jet_parallax_layout_type&quot;:&quot;scroll&quot;,&quot;jet_parallax_layout_direction&quot;:null,&quot;jet_parallax_layout_fx_direction&quot;:null,&quot;jet_parallax_layout_z_index&quot;:&quot;&quot;,&quot;jet_parallax_layout_bg_x&quot;:50,&quot;jet_parallax_layout_bg_x_tablet&quot;:&quot;&quot;,&quot;jet_parallax_layout_bg_x_mobile&quot;:&quot;&quot;,&quot;jet_parallax_layout_bg_y&quot;:50,&quot;jet_parallax_layout_bg_y_tablet&quot;:&quot;&quot;,&quot;jet_parallax_layout_bg_y_mobile&quot;:&quot;&quot;,&quot;jet_parallax_layout_bg_size&quot;:&quot;auto&quot;,&quot;jet_parallax_layout_bg_size_tablet&quot;:&quot;&quot;,&quot;jet_parallax_layout_bg_size_mobile&quot;:&quot;&quot;,&quot;jet_parallax_layout_animation_prop&quot;:&quot;transform&quot;,&quot;jet_parallax_layout_on&quot;:[&quot;desktop&quot;,&quot;tablet&quot;]}]}\">\n\t\t\t\t\t\t<div class=\"elementor-container elementor-column-gap-default\">\n\t\t\t\t\t<div class=\"elementor-column elementor-col-50 elementor-top-column elementor-element elementor-element-04709ca\" data-id=\"04709ca\" data-element_type=\"column\">\n\t\t\t<div class=\"elementor-widget-wrap elementor-element-populated\">\n\t\t\t\t\t\t<div class=\"elementor-element elementor-element-e25386b elementor-widget elementor-widget-text-editor\" data-id=\"e25386b\" data-element_type=\"widget\" data-widget_type=\"text-editor.default\">\n\t\t\t\t<div class=\"elementor-widget-container\">\n\t\t\t\t\t\t\t\t\t<h3>Au plaisir de vous rencontrer, je suis<\/h3><h2>\u00a0SHEREEN AWWAD<\/h2>\t\t\t\t\t\t\t\t<\/div>\n\t\t\t\t<\/div>\n\t\t\t\t<div class=\"elementor-element elementor-element-d2cc98e elementor-hidden-desktop elementor-widget elementor-widget-image\" data-id=\"d2cc98e\" data-element_type=\"widget\" data-widget_type=\"image.default\">\n\t\t\t\t<div class=\"elementor-widget-container\">\n\t\t\t\t\t\t\t\t\t\t\t\t\t\t\t<img fetchpriority=\"high\" decoding=\"async\" width=\"683\" height=\"1024\" src=\"https:\/\/shereenawwad.com\/wp-content\/uploads\/2021\/06\/ShereenAwwad-070-1-683x1024.png\" class=\"attachment-large size-large wp-image-1147\" alt=\"\" srcset=\"https:\/\/shereenawwad.com\/wp-content\/uploads\/2021\/06\/ShereenAwwad-070-1-683x1024.png 683w, https:\/\/shereenawwad.com\/wp-content\/uploads\/2021\/06\/ShereenAwwad-070-1-200x300.png 200w, https:\/\/shereenawwad.com\/wp-content\/uploads\/2021\/06\/ShereenAwwad-070-1-768x1152.png 768w, https:\/\/shereenawwad.com\/wp-content\/uploads\/2021\/06\/ShereenAwwad-070-1.png 800w\" sizes=\"(max-width: 683px) 100vw, 683px\" \/>\t\t\t\t\t\t\t\t\t\t\t\t\t\t\t<\/div>\n\t\t\t\t<\/div>\n\t\t\t\t<div class=\"elementor-element elementor-element-62a69f3 elementor-widget elementor-widget-text-editor\" data-id=\"62a69f3\" data-element_type=\"widget\" data-widget_type=\"text-editor.default\">\n\t\t\t\t<div class=\"elementor-widget-container\">\n\t\t\t\t\t\t\t\t\t<p>Shereen Awwad, courtier immobilier agr\u00e9\u00e9e, \u0153uvre dans le secteur de l&rsquo;immobilier depuis 2002 dans la vente et l&rsquo;achat de propri\u00e9t\u00e9s r\u00e9sidentielles et \u00e0 revenus. Shereen a commenc\u00e9 avec son permis d&rsquo;agente immobilier affili\u00e9e, puis a poursuivi ses \u00e9tudes pour obtenir son permis de courtier immobilier agr\u00e9\u00e9e. Passionn\u00e9e par le service \u00e0 la client\u00e8le, ses clients la d\u00e9crivent souvent comme soucieuse du d\u00e9tail et proactive.<\/p><p>Avec plus de 18 ans d&rsquo;exp\u00e9rience en vente et marketing immobilier, Shereen s&rsquo;est m\u00e9rit\u00e9 plusieurs distinctions et prix : elle s&rsquo;est class\u00e9e cinqui\u00e8me aux rangs de RE\/MAX Qu\u00e9bec (2016), le Club 100% de RE\/MAX Qu\u00e9bec, Club Platine, et s&rsquo;est class\u00e9e deuxi\u00e8me aux rangs de RE\/MAX Royal Jordan Inc. (2018) et le Temple de la renomm\u00e9e RE\/MAX.<\/p><p>Fi\u00e8re de faire partie du leader prim\u00e9 de l&rsquo;industrie RE\/MAX Royal Jordan Inc., engag\u00e9e envers l&rsquo;excellence, Shereen apporte une richesse de connaissances et un acc\u00e8s \u00e0 des services pr\u00e9cieux. Que vous achetiez ou cherchiez \u00e0 vendre une maison, \u00e0 louer, ou encore que vous songiez \u00e0 un investissement ou \u00e0 un int\u00e9r\u00eat commercial, notre engagement envers vous est de vous accompagner \u00e0 chaque \u00e9tape de vos transactions immobili\u00e8res.<\/p>\t\t\t\t\t\t\t\t<\/div>\n\t\t\t\t<\/div>\n\t\t\t\t\t<\/div>\n\t\t<\/div>\n\t\t\t\t<div class=\"elementor-column elementor-col-50 elementor-top-column elementor-element elementor-element-a58b35c elementor-hidden-tablet elementor-hidden-phone\" data-id=\"a58b35c\" data-element_type=\"column\">\n\t\t\t<div class=\"elementor-widget-wrap elementor-element-populated\">\n\t\t\t\t\t\t<div class=\"elementor-element elementor-element-89c1a31 elementor-widget elementor-widget-image\" data-id=\"89c1a31\" data-element_type=\"widget\" data-widget_type=\"image.default\">\n\t\t\t\t<div class=\"elementor-widget-container\">\n\t\t\t\t\t\t\t\t\t\t\t\t\t\t\t<img fetchpriority=\"high\" decoding=\"async\" width=\"683\" height=\"1024\" src=\"https:\/\/shereenawwad.com\/wp-content\/uploads\/2021\/06\/ShereenAwwad-070-1-683x1024.png\" class=\"attachment-large size-large wp-image-1147\" alt=\"\" srcset=\"https:\/\/shereenawwad.com\/wp-content\/uploads\/2021\/06\/ShereenAwwad-070-1-683x1024.png 683w, https:\/\/shereenawwad.com\/wp-content\/uploads\/2021\/06\/ShereenAwwad-070-1-200x300.png 200w, https:\/\/shereenawwad.com\/wp-content\/uploads\/2021\/06\/ShereenAwwad-070-1-768x1152.png 768w, https:\/\/shereenawwad.com\/wp-content\/uploads\/2021\/06\/ShereenAwwad-070-1.png 800w\" sizes=\"(max-width: 683px) 100vw, 683px\" \/>\t\t\t\t\t\t\t\t\t\t\t\t\t\t\t<\/div>\n\t\t\t\t<\/div>\n\t\t\t\t\t<\/div>\n\t\t<\/div>\n\t\t\t\t\t<\/div>\n\t\t<\/section>\n\t\t\t\t<\/div>\n\t\t","protected":false},"excerpt":{"rendered":"<p>\u00e0 propos Au plaisir de vous rencontrer, je suis \u00a0SHEREEN AWWAD Shereen Awwad, courtier immobilier agr\u00e9\u00e9e, \u0153uvre dans le secteur de l&rsquo;immobilier depuis 2002 dans la vente et l&rsquo;achat de propri\u00e9t\u00e9s r\u00e9sidentielles et \u00e0 revenus. Shereen a commenc\u00e9 avec son permis d&rsquo;agente immobilier affili\u00e9e, puis a poursuivi ses \u00e9tudes pour obtenir son permis de courtier [&hellip;]<\/p>\n","protected":false},"author":2,"featured_media":0,"parent":0,"menu_order":0,"comment_status":"closed","ping_status":"closed","template":"elementor_header_footer","meta":{"_acf_changed":false,"footnotes":""},"class_list":["post-1647","page","type-page","status-publish","hentry"],"acf":[],"yoast_head":"<!-- This site is optimized with the Yoast SEO plugin v25.2 - https:\/\/yoast.com\/wordpress\/plugins\/seo\/ -->\n<title>\u00c0 propos - Shereen Awwad<\/title>\n<meta name=\"description\" content=\"Fi\u00e8re de faire partie de RE\/MAX Royal Jordan Inc., Shereen apporte une mine de connaissances et un acc\u00e8s \u00e0 des services pr\u00e9cieux.\" \/>\n<meta name=\"robots\" content=\"index, follow, max-snippet:-1, max-image-preview:large, max-video-preview:-1\" \/>\n<meta property=\"og:locale\" content=\"fr_FR\" \/>\n<meta property=\"og:type\" content=\"article\" \/>\n<meta property=\"og:title\" content=\"\u00c0 propos - Shereen Awwad\" \/>\n<meta property=\"og:description\" content=\"Fi\u00e8re de faire partie de RE\/MAX Royal Jordan Inc., Shereen apporte une mine de connaissances et un acc\u00e8s \u00e0 des services pr\u00e9cieux.\" \/>\n<meta property=\"og:url\" content=\"https:\/\/shereenawwad.com\/fr\/a-propos\/\" \/>\n<meta property=\"og:site_name\" content=\"Shereen Awwad\" \/>\n<meta property=\"article:modified_time\" content=\"2021-08-16T13:32:01+00:00\" \/>\n<meta property=\"og:image\" content=\"https:\/\/shereenawwad.com\/wp-content\/uploads\/2021\/06\/ShereenAwwad-070-1-683x1024.png\" \/>\n<meta name=\"twitter:card\" content=\"summary_large_image\" \/>\n<meta name=\"twitter:label1\" content=\"Dur\u00e9e de lecture estim\u00e9e\" \/>\n\t<meta name=\"twitter:data1\" content=\"2 minutes\" \/>\n<script type=\"application\/ld+json\" class=\"yoast-schema-graph\">{\"@context\":\"https:\/\/schema.org\",\"@graph\":[{\"@type\":\"WebPage\",\"@id\":\"https:\/\/shereenawwad.com\/fr\/a-propos\/\",\"url\":\"https:\/\/shereenawwad.com\/fr\/a-propos\/\",\"name\":\"\u00c0 propos - Shereen Awwad\",\"isPartOf\":{\"@id\":\"https:\/\/shereenawwad.com\/fr\/#website\"},\"primaryImageOfPage\":{\"@id\":\"https:\/\/shereenawwad.com\/fr\/a-propos\/#primaryimage\"},\"image\":{\"@id\":\"https:\/\/shereenawwad.com\/fr\/a-propos\/#primaryimage\"},\"thumbnailUrl\":\"https:\/\/shereenawwad.com\/wp-content\/uploads\/2021\/06\/ShereenAwwad-070-1-683x1024.png\",\"datePublished\":\"2021-08-13T12:38:34+00:00\",\"dateModified\":\"2021-08-16T13:32:01+00:00\",\"description\":\"Fi\u00e8re de faire partie de RE\/MAX Royal Jordan Inc., Shereen apporte une mine de connaissances et un acc\u00e8s \u00e0 des services pr\u00e9cieux.\",\"breadcrumb\":{\"@id\":\"https:\/\/shereenawwad.com\/fr\/a-propos\/#breadcrumb\"},\"inLanguage\":\"fr-FR\",\"potentialAction\":[{\"@type\":\"ReadAction\",\"target\":[\"https:\/\/shereenawwad.com\/fr\/a-propos\/\"]}]},{\"@type\":\"ImageObject\",\"inLanguage\":\"fr-FR\",\"@id\":\"https:\/\/shereenawwad.com\/fr\/a-propos\/#primaryimage\",\"url\":\"https:\/\/shereenawwad.com\/wp-content\/uploads\/2021\/06\/ShereenAwwad-070-1-683x1024.png\",\"contentUrl\":\"https:\/\/shereenawwad.com\/wp-content\/uploads\/2021\/06\/ShereenAwwad-070-1-683x1024.png\"},{\"@type\":\"BreadcrumbList\",\"@id\":\"https:\/\/shereenawwad.com\/fr\/a-propos\/#breadcrumb\",\"itemListElement\":[{\"@type\":\"ListItem\",\"position\":1,\"name\":\"Home\",\"item\":\"https:\/\/shereenawwad.com\/fr\/\"},{\"@type\":\"ListItem\",\"position\":2,\"name\":\"\u00c0 propos\"}]},{\"@type\":\"WebSite\",\"@id\":\"https:\/\/shereenawwad.com\/fr\/#website\",\"url\":\"https:\/\/shereenawwad.com\/fr\/\",\"name\":\"Shereen Awwad\",\"description\":\"\",\"potentialAction\":[{\"@type\":\"SearchAction\",\"target\":{\"@type\":\"EntryPoint\",\"urlTemplate\":\"https:\/\/shereenawwad.com\/fr\/?s={search_term_string}\"},\"query-input\":{\"@type\":\"PropertyValueSpecification\",\"valueRequired\":true,\"valueName\":\"search_term_string\"}}],\"inLanguage\":\"fr-FR\"}]}<\/script>\n<!-- \/ Yoast SEO plugin. -->","yoast_head_json":{"title":"\u00c0 propos - Shereen Awwad","description":"Fi\u00e8re de faire partie de RE\/MAX Royal Jordan Inc., Shereen apporte une mine de connaissances et un acc\u00e8s \u00e0 des services pr\u00e9cieux.","robots":{"index":"index","follow":"follow","max-snippet":"max-snippet:-1","max-image-preview":"max-image-preview:large","max-video-preview":"max-video-preview:-1"},"og_locale":"fr_FR","og_type":"article","og_title":"\u00c0 propos - Shereen Awwad","og_description":"Fi\u00e8re de faire partie de RE\/MAX Royal Jordan Inc., Shereen apporte une mine de connaissances et un acc\u00e8s \u00e0 des services pr\u00e9cieux.","og_url":"https:\/\/shereenawwad.com\/fr\/a-propos\/","og_site_name":"Shereen Awwad","article_modified_time":"2021-08-16T13:32:01+00:00","og_image":[{"url":"https:\/\/shereenawwad.com\/wp-content\/uploads\/2021\/06\/ShereenAwwad-070-1-683x1024.png","type":"","width":"","height":""}],"twitter_card":"summary_large_image","twitter_misc":{"Dur\u00e9e de lecture estim\u00e9e":"2 minutes"},"schema":{"@context":"https:\/\/schema.org","@graph":[{"@type":"WebPage","@id":"https:\/\/shereenawwad.com\/fr\/a-propos\/","url":"https:\/\/shereenawwad.com\/fr\/a-propos\/","name":"\u00c0 propos - Shereen Awwad","isPartOf":{"@id":"https:\/\/shereenawwad.com\/fr\/#website"},"primaryImageOfPage":{"@id":"https:\/\/shereenawwad.com\/fr\/a-propos\/#primaryimage"},"image":{"@id":"https:\/\/shereenawwad.com\/fr\/a-propos\/#primaryimage"},"thumbnailUrl":"https:\/\/shereenawwad.com\/wp-content\/uploads\/2021\/06\/ShereenAwwad-070-1-683x1024.png","datePublished":"2021-08-13T12:38:34+00:00","dateModified":"2021-08-16T13:32:01+00:00","description":"Fi\u00e8re de faire partie de RE\/MAX Royal Jordan Inc., Shereen apporte une mine de connaissances et un acc\u00e8s \u00e0 des services pr\u00e9cieux.","breadcrumb":{"@id":"https:\/\/shereenawwad.com\/fr\/a-propos\/#breadcrumb"},"inLanguage":"fr-FR","potentialAction":[{"@type":"ReadAction","target":["https:\/\/shereenawwad.com\/fr\/a-propos\/"]}]},{"@type":"ImageObject","inLanguage":"fr-FR","@id":"https:\/\/shereenawwad.com\/fr\/a-propos\/#primaryimage","url":"https:\/\/shereenawwad.com\/wp-content\/uploads\/2021\/06\/ShereenAwwad-070-1-683x1024.png","contentUrl":"https:\/\/shereenawwad.com\/wp-content\/uploads\/2021\/06\/ShereenAwwad-070-1-683x1024.png"},{"@type":"BreadcrumbList","@id":"https:\/\/shereenawwad.com\/fr\/a-propos\/#breadcrumb","itemListElement":[{"@type":"ListItem","position":1,"name":"Home","item":"https:\/\/shereenawwad.com\/fr\/"},{"@type":"ListItem","position":2,"name":"\u00c0 propos"}]},{"@type":"WebSite","@id":"https:\/\/shereenawwad.com\/fr\/#website","url":"https:\/\/shereenawwad.com\/fr\/","name":"Shereen Awwad","description":"","potentialAction":[{"@type":"SearchAction","target":{"@type":"EntryPoint","urlTemplate":"https:\/\/shereenawwad.com\/fr\/?s={search_term_string}"},"query-input":{"@type":"PropertyValueSpecification","valueRequired":true,"valueName":"search_term_string"}}],"inLanguage":"fr-FR"}]}},"_links":{"self":[{"href":"https:\/\/shereenawwad.com\/fr\/wp-json\/wp\/v2\/pages\/1647","targetHints":{"allow":["GET"]}}],"collection":[{"href":"https:\/\/shereenawwad.com\/fr\/wp-json\/wp\/v2\/pages"}],"about":[{"href":"https:\/\/shereenawwad.com\/fr\/wp-json\/wp\/v2\/types\/page"}],"author":[{"embeddable":true,"href":"https:\/\/shereenawwad.com\/fr\/wp-json\/wp\/v2\/users\/2"}],"replies":[{"embeddable":true,"href":"https:\/\/shereenawwad.com\/fr\/wp-json\/wp\/v2\/comments?post=1647"}],"version-history":[{"count":16,"href":"https:\/\/shereenawwad.com\/fr\/wp-json\/wp\/v2\/pages\/1647\/revisions"}],"predecessor-version":[{"id":1817,"href":"https:\/\/shereenawwad.com\/fr\/wp-json\/wp\/v2\/pages\/1647\/revisions\/1817"}],"wp:attachment":[{"href":"https:\/\/shereenawwad.com\/fr\/wp-json\/wp\/v2\/media?parent=1647"}],"curies":[{"name":"wp","href":"https:\/\/api.w.org\/{rel}","templated":true}]}}